{"id":189,"date":"2025-09-24T10:50:02","date_gmt":"2025-09-24T14:50:02","guid":{"rendered":"https:\/\/agora.portquebec.ca\/a-propos\/salle-de-presse\/"},"modified":"2025-11-18T14:51:08","modified_gmt":"2025-11-18T19:51:08","slug":"press-room","status":"publish","type":"page","link":"https:\/\/agora.portquebec.ca\/en\/press-room\/","title":{"rendered":"Press room"},"content":{"rendered":"\t<div class=\"item component-block-page-header background-color--2 wave wave--in-title wave--flipped wave--1 wave--color-1\">\n\t\t<div class=\"container\">\n\t\t\t<div class=\"block-page-header \">\n\t\t\t\t<div class=\"block-page-header__title\">\n\t\t\t\t\t<h1 class=\"h1 title--line-before\">Press room<\/h1>\n\t\t\t\t\t\t\t\t\t\t\t<div class=\"wysiwyg\">\n\t\t\t\t\t\t\t<p>The Port of Qu\u00e9bec Agora is in the spotlight! Find out what the media is saying about us and check out our press releases.<\/p>\n\n\t\t\t\t\t\t<\/div>\n\t\t\t\t\t\t\t\t\t<\/div>\n\t\t\t\t\t\t\t<\/div>\n\t\t<\/div>\n\t<\/div>\n\n\n\t<div class=\"item component-block-text background-color--1 \">\n\t\t<div  class=\"container \">\n\t\t\t<div class=\"block-text block-text--narrow\">\n\t\t\t\t<div class=\"wysiwyg\">\n\t\t\t\t\t<p class=\"text-large\">May 19 2022<\/p>\n<h2 class=\"elementor-heading-title elementor-size-default h2\">Musique, danse et sport pour relancer l\u2019Agora du Port de Qu\u00e9bec<\/h2>\n\n\t\t\t\t<\/div>\n\t\t\t\t\t\t\t\t\t<div>\n\t\t\t\t\t\t<a href=\"https:\/\/www.lesoleil.com\/2022\/05\/19\/musique-danse-et-sport-pour-relancer-lagora-du-port-de-quebec-8f51ab823721688242ddce4d49950de5\/\" target=\"_blank\" class=\"button button--primary\">\n\t\t\t\t\t\t\tRead the article\n\t\t\t\t\t\t\t\t\t\t\t\t\t\t\t<svg width=\"24\" height=\"24\" aria-hidden=\"true\" focusable=\"false\">\n\t\t\t\t\t\t\t\t\t<use xlink:href=\"#ico-external\" \/>\n\t\t\t\t\t\t\t\t<\/svg>\n\t\t\t\t\t\t\t\t\t\t\t\t\t<\/a>\n\t\t\t\t\t<\/div>\n\t\t\t\t\t\t\t<\/div>\n\t\t<\/div>\n\t<\/div>\n\n\n\t<div class=\"item component-block-text background-color--3 \">\n\t\t<div  class=\"container \">\n\t\t\t<div class=\"block-text block-text--narrow\">\n\t\t\t\t<div class=\"wysiwyg\">\n\t\t\t\t\t<p class=\"text-large\">August 10 2022<\/p>\n<h2 class=\"elementor-heading-title elementor-size-default h2\">La Super Franco F\u00eate de 2022<\/h2>\n\n\t\t\t\t<\/div>\n\t\t\t\t\t\t\t\t\t<div>\n\t\t\t\t\t\t<a href=\"https:\/\/ici.radio-canada.ca\/nouvelle\/1904681\/francophonie-superfrancofete-quebec-spectacle-agora\" target=\"_blank\" class=\"button button--primary\">\n\t\t\t\t\t\t\tRead the article\n\t\t\t\t\t\t\t\t\t\t\t\t\t\t\t<svg width=\"24\" height=\"24\" aria-hidden=\"true\" focusable=\"false\">\n\t\t\t\t\t\t\t\t\t<use xlink:href=\"#ico-external\" \/>\n\t\t\t\t\t\t\t\t<\/svg>\n\t\t\t\t\t\t\t\t\t\t\t\t\t<\/a>\n\t\t\t\t\t<\/div>\n\t\t\t\t\t\t\t<\/div>\n\t\t<\/div>\n\t<\/div>\n\n\n\t<div class=\"item component-block-text background-color--2 \">\n\t\t<div  class=\"container \">\n\t\t\t<div class=\"block-text block-text--narrow\">\n\t\t\t\t<div class=\"wysiwyg\">\n\t\t\t\t\t<p class=\"text-large\">September 12 2022<\/p>\n<h2 class=\"elementor-heading-title elementor-size-default h2\">Francophonie : une d\u00e9monstration de charme<\/h2>\n\n\t\t\t\t<\/div>\n\t\t\t\t\t\t\t\t\t<div>\n\t\t\t\t\t\t<a href=\"https:\/\/www.journaldemontreal.com\/2022\/09\/12\/francophonie--une-demonstration-de-charme\" target=\"_blank\" class=\"button button--primary\">\n\t\t\t\t\t\t\tRead the article\n\t\t\t\t\t\t\t\t\t\t\t\t\t\t\t<svg width=\"24\" height=\"24\" aria-hidden=\"true\" focusable=\"false\">\n\t\t\t\t\t\t\t\t\t<use xlink:href=\"#ico-external\" \/>\n\t\t\t\t\t\t\t\t<\/svg>\n\t\t\t\t\t\t\t\t\t\t\t\t\t<\/a>\n\t\t\t\t\t<\/div>\n\t\t\t\t\t\t\t<\/div>\n\t\t<\/div>\n\t<\/div>\n\n\n\t<div class=\"item component-block-text background-color--1 \">\n\t\t<div  class=\"container \">\n\t\t\t<div class=\"block-text block-text--narrow\">\n\t\t\t\t<div class=\"wysiwyg\">\n\t\t\t\t\t<p class=\"text-large\">November 24 2022<\/p>\n<h2 class=\"elementor-heading-title elementor-size-default h2\">Apr\u00e8s un \u00e9t\u00e9 couronn\u00e9 de succ\u00e8s \u00e0 l\u2019Agora du Port de Qu\u00e9bec, le Port et l\u2019Incubateur de Musique Francophone reconduisent leur partenariat pour 2023<\/h2>\n\n\t\t\t\t<\/div>\n\t\t\t\t\t\t\t\t\t<div>\n\t\t\t\t\t\t<a href=\"https:\/\/agora.portquebec.ca\/wp-content\/uploads\/2025\/11\/2022-11-24_Bilan_Agora-Port-de-Quebec.pdf\" target=\"_blank\" class=\"button button--primary\">\n\t\t\t\t\t\t\tRead the press release\n\t\t\t\t\t\t\t\t\t\t\t\t\t\t\t<svg width=\"24\" height=\"24\" aria-hidden=\"true\" focusable=\"false\">\n\t\t\t\t\t\t\t\t\t<use xlink:href=\"#ico-external\" \/>\n\t\t\t\t\t\t\t\t<\/svg>\n\t\t\t\t\t\t\t\t\t\t\t\t\t<\/a>\n\t\t\t\t\t<\/div>\n\t\t\t\t\t\t\t<\/div>\n\t\t<\/div>\n\t<\/div>\n\n\n\t<div class=\"item component-block-text background-color--3 \">\n\t\t<div  class=\"container \">\n\t\t\t<div class=\"block-text block-text--narrow\">\n\t\t\t\t<div class=\"wysiwyg\">\n\t\t\t\t\t<p class=\"text-large\">June 14 2025<\/p>\n<h2 class=\"elementor-heading-title elementor-size-default h2\">Nos impressions sur le concert du britannique James Blunt pr\u00e9sent\u00e9 \u00e0 l\u2019Agora Port de Qu\u00e9bec<\/h2>\n\n\t\t\t\t<\/div>\n\t\t\t\t\t\t\t\t\t<div>\n\t\t\t\t\t\t<a href=\"https:\/\/www.journaldequebec.com\/2025\/06\/14\/nos-impressions-sur-le-concert-du-britannique-james-blunt-presente-a-lagora-port-de-quebec\" target=\"_blank\" class=\"button button--primary\">\n\t\t\t\t\t\t\tRead the article\n\t\t\t\t\t\t\t\t\t\t\t\t\t\t\t<svg width=\"24\" height=\"24\" aria-hidden=\"true\" focusable=\"false\">\n\t\t\t\t\t\t\t\t\t<use xlink:href=\"#ico-external\" \/>\n\t\t\t\t\t\t\t\t<\/svg>\n\t\t\t\t\t\t\t\t\t\t\t\t\t<\/a>\n\t\t\t\t\t<\/div>\n\t\t\t\t\t\t\t<\/div>\n\t\t<\/div>\n\t<\/div>\n\n\n\t<div class=\"item component-block-text background-color--2 \">\n\t\t<div  class=\"container \">\n\t\t\t<div class=\"block-text block-text--narrow\">\n\t\t\t\t<div class=\"wysiwyg\">\n\t\t\t\t\t<p class=\"text-large\">June 13 2025<\/p>\n<h2 class=\"elementor-heading-title elementor-size-default h2\">Les spectacles sont de retour \u00e0 l&#8217;Agora du Port de Qu\u00e9bec: ce qu&#8217;il faut savoir<\/h2>\n\n\t\t\t\t<\/div>\n\t\t\t\t\t\t\t\t\t<div>\n\t\t\t\t\t\t<a href=\"https:\/\/www.noovo.info\/video\/les-spectacles-sont-de-retour-a-lagora-du-port-de-quebec-ce-quil-faut-savoir.html\" target=\"_blank\" class=\"button button--primary\">\n\t\t\t\t\t\t\tRead the article\n\t\t\t\t\t\t\t\t\t\t\t\t\t\t\t<svg width=\"24\" height=\"24\" aria-hidden=\"true\" focusable=\"false\">\n\t\t\t\t\t\t\t\t\t<use xlink:href=\"#ico-external\" \/>\n\t\t\t\t\t\t\t\t<\/svg>\n\t\t\t\t\t\t\t\t\t\t\t\t\t<\/a>\n\t\t\t\t\t<\/div>\n\t\t\t\t\t\t\t<\/div>\n\t\t<\/div>\n\t<\/div>\n\n\n\t<div class=\"item component-block-text background-color--1 \">\n\t\t<div  class=\"container \">\n\t\t\t<div class=\"block-text block-text--narrow\">\n\t\t\t\t<div class=\"wysiwyg\">\n\t\t\t\t\t<p class=\"text-large\">May 21 2025<\/p>\n<h2 class=\"elementor-heading-title elementor-size-default h2\">L\u2019Agora vise les 100 000 spectateurs cette ann\u00e9e<\/h2>\n\n\t\t\t\t<\/div>\n\t\t\t\t\t\t\t\t\t<div>\n\t\t\t\t\t\t<a href=\"https:\/\/www.lesoleil.com\/arts\/2025\/05\/21\/lagora-vise-les-100-00-spectateurs-cette-annee-Y27J2YPECREORH4KOM2YRMAH64\/\" target=\"_blank\" class=\"button button--primary\">\n\t\t\t\t\t\t\tRead the article\n\t\t\t\t\t\t\t\t\t\t\t\t\t\t\t<svg width=\"24\" height=\"24\" aria-hidden=\"true\" focusable=\"false\">\n\t\t\t\t\t\t\t\t\t<use xlink:href=\"#ico-external\" \/>\n\t\t\t\t\t\t\t\t<\/svg>\n\t\t\t\t\t\t\t\t\t\t\t\t\t<\/a>\n\t\t\t\t\t<\/div>\n\t\t\t\t\t\t\t<\/div>\n\t\t<\/div>\n\t<\/div>\n\n\n\t<div class=\"item component-block-text background-color--3 \">\n\t\t<div  class=\"container \">\n\t\t\t<div class=\"block-text block-text--narrow\">\n\t\t\t\t<div class=\"wysiwyg\">\n\t\t\t\t\t<p class=\"text-large\">May 12 2025<\/p>\n<div class=\"elementor-element elementor-element-ed3e508 jedv-enabled--yes elementor-widget elementor-widget-heading\" data-id=\"ed3e508\" data-element_type=\"widget\" data-widget_type=\"heading.default\">\n<h2 class=\"elementor-widget-container h2\">Vedettes internationales et nostalgie \u00e0 l\u2019Agora cet \u00e9t\u00e9! Cypress Hill, ZZ Top, Papa Roach, Rock Story and Friends et bien plus<\/h2>\n<\/div>\n<div class=\"elementor-element elementor-element-b3e81cd jedv-enabled--yes elementor-widget elementor-widget-jet-button\" data-id=\"b3e81cd\" data-element_type=\"widget\" data-widget_type=\"jet-button.default\">\n<div class=\"elementor-widget-container\">\n<div class=\"elementor-jet-button jet-elements\">\n<div class=\"jet-button__container\"><\/div>\n<\/div>\n<\/div>\n<\/div>\n\n\t\t\t\t<\/div>\n\t\t\t\t\t\t\t\t\t<div>\n\t\t\t\t\t\t<a href=\"https:\/\/app.cyberimpact.com\/newsletter-view-online?ct=iJlMERJUYQTmZPN4WNy39lxyrH0qeteMnSpdiMD9kSOiMYp6yHi9R-iTjpSC3uyaJSYtbLnzaLy_-yaVK0KbGw~~\" target=\"_blank\" class=\"button button--primary\">\n\t\t\t\t\t\t\tRead the article\n\t\t\t\t\t\t\t\t\t\t\t\t\t\t\t<svg width=\"24\" height=\"24\" aria-hidden=\"true\" focusable=\"false\">\n\t\t\t\t\t\t\t\t\t<use xlink:href=\"#ico-external\" \/>\n\t\t\t\t\t\t\t\t<\/svg>\n\t\t\t\t\t\t\t\t\t\t\t\t\t<\/a>\n\t\t\t\t\t<\/div>\n\t\t\t\t\t\t\t<\/div>\n\t\t<\/div>\n\t<\/div>\n\n\n\t<div class=\"item component-block-text background-color--2 \">\n\t\t<div  class=\"container \">\n\t\t\t<div class=\"block-text block-text--narrow\">\n\t\t\t\t<div class=\"wysiwyg\">\n\t\t\t\t\t<p class=\"text-large\">December 20 2024<\/p>\n<h2 class=\"elementor-heading-title elementor-size-default h2\">82 000 spectateurs en 2024: le secret de la relance de l\u2019Agora<\/h2>\n\n\t\t\t\t<\/div>\n\t\t\t\t\t\t\t\t\t<div>\n\t\t\t\t\t\t<a href=\"https:\/\/www.journaldequebec.com\/2024\/12\/20\/82-000-spectateurs-en-2024--le-secret-de-la-relance-de-lagora\" target=\"_blank\" class=\"button button--primary\">\n\t\t\t\t\t\t\tRead the article\n\t\t\t\t\t\t\t\t\t\t\t\t\t\t\t<svg width=\"24\" height=\"24\" aria-hidden=\"true\" focusable=\"false\">\n\t\t\t\t\t\t\t\t\t<use xlink:href=\"#ico-external\" \/>\n\t\t\t\t\t\t\t\t<\/svg>\n\t\t\t\t\t\t\t\t\t\t\t\t\t<\/a>\n\t\t\t\t\t<\/div>\n\t\t\t\t\t\t\t<\/div>\n\t\t<\/div>\n\t<\/div>\n","protected":false},"excerpt":{"rendered":"","protected":false},"author":1,"featured_media":0,"parent":0,"menu_order":0,"comment_status":"closed","ping_status":"closed","template":"","meta":{"_acf_changed":false,"footnotes":""},"class_list":["post-189","page","type-page","status-publish","hentry"],"acf":[],"yoast_head":"<!-- This site is optimized with the Yoast SEO plugin v26.4 - https:\/\/yoast.com\/wordpress\/plugins\/seo\/ -->\n<title>Press room - Agora du Port de Qu\u00e9bec<\/title>\n<meta name=\"robots\" content=\"index, follow, max-snippet:-1, max-image-preview:large, max-video-preview:-1\" \/>\n<link rel=\"canonical\" href=\"https:\/\/agora.portquebec.ca\/en\/press-room\/\" \/>\n<meta property=\"og:locale\" content=\"en_US\" \/>\n<meta property=\"og:type\" content=\"article\" \/>\n<meta property=\"og:title\" content=\"Press room - Agora du Port de Qu\u00e9bec\" \/>\n<meta property=\"og:url\" content=\"https:\/\/agora.portquebec.ca\/en\/press-room\/\" \/>\n<meta property=\"og:site_name\" content=\"Agora du Port de Qu\u00e9bec\" \/>\n<meta property=\"article:publisher\" content=\"https:\/\/www.facebook.com\/discoglace\" \/>\n<meta property=\"article:modified_time\" content=\"2025-11-18T19:51:08+00:00\" \/>\n<meta property=\"og:image\" content=\"https:\/\/agora.portquebec.ca\/wp-content\/uploads\/2025\/11\/A15A6696-1-scaled-1.jpg\" \/>\n\t<meta property=\"og:image:width\" content=\"1920\" \/>\n\t<meta property=\"og:image:height\" content=\"1280\" \/>\n\t<meta property=\"og:image:type\" content=\"image\/jpeg\" \/>\n<meta name=\"twitter:card\" content=\"summary_large_image\" \/>\n<script type=\"application\/ld+json\" class=\"yoast-schema-graph\">{\"@context\":\"https:\/\/schema.org\",\"@graph\":[{\"@type\":\"WebPage\",\"@id\":\"https:\/\/agora.portquebec.ca\/en\/press-room\/\",\"url\":\"https:\/\/agora.portquebec.ca\/en\/press-room\/\",\"name\":\"Press room - Agora du Port de Qu\u00e9bec\",\"isPartOf\":{\"@id\":\"https:\/\/agora.portquebec.ca\/en\/#website\"},\"datePublished\":\"2025-09-24T14:50:02+00:00\",\"dateModified\":\"2025-11-18T19:51:08+00:00\",\"breadcrumb\":{\"@id\":\"https:\/\/agora.portquebec.ca\/en\/press-room\/#breadcrumb\"},\"inLanguage\":\"en-US\",\"potentialAction\":[{\"@type\":\"ReadAction\",\"target\":[\"https:\/\/agora.portquebec.ca\/en\/press-room\/\"]}]},{\"@type\":\"BreadcrumbList\",\"@id\":\"https:\/\/agora.portquebec.ca\/en\/press-room\/#breadcrumb\",\"itemListElement\":[{\"@type\":\"ListItem\",\"position\":1,\"name\":\"Home\",\"item\":\"https:\/\/agora.portquebec.ca\/en\/\"},{\"@type\":\"ListItem\",\"position\":2,\"name\":\"Press room\"}]},{\"@type\":\"WebSite\",\"@id\":\"https:\/\/agora.portquebec.ca\/en\/#website\",\"url\":\"https:\/\/agora.portquebec.ca\/en\/\",\"name\":\"Agora du Port de Qu\u00e9bec\",\"description\":\"\",\"publisher\":{\"@id\":\"https:\/\/agora.portquebec.ca\/en\/#organization\"},\"potentialAction\":[{\"@type\":\"SearchAction\",\"target\":{\"@type\":\"EntryPoint\",\"urlTemplate\":\"https:\/\/agora.portquebec.ca\/en\/?s={search_term_string}\"},\"query-input\":{\"@type\":\"PropertyValueSpecification\",\"valueRequired\":true,\"valueName\":\"search_term_string\"}}],\"inLanguage\":\"en-US\"},{\"@type\":\"Organization\",\"@id\":\"https:\/\/agora.portquebec.ca\/en\/#organization\",\"name\":\"Agora du Port de Qu\u00e9bec\",\"url\":\"https:\/\/agora.portquebec.ca\/en\/\",\"logo\":{\"@type\":\"ImageObject\",\"inLanguage\":\"en-US\",\"@id\":\"https:\/\/agora.portquebec.ca\/en\/#\/schema\/logo\/image\/\",\"url\":\"\",\"contentUrl\":\"\",\"caption\":\"Agora du Port de Qu\u00e9bec\"},\"image\":{\"@id\":\"https:\/\/agora.portquebec.ca\/en\/#\/schema\/logo\/image\/\"},\"sameAs\":[\"https:\/\/www.facebook.com\/discoglace\"]}]}<\/script>\n<!-- \/ Yoast SEO plugin. -->","yoast_head_json":{"title":"Press room - Agora du Port de Qu\u00e9bec","robots":{"index":"index","follow":"follow","max-snippet":"max-snippet:-1","max-image-preview":"max-image-preview:large","max-video-preview":"max-video-preview:-1"},"canonical":"https:\/\/agora.portquebec.ca\/en\/press-room\/","og_locale":"en_US","og_type":"article","og_title":"Press room - Agora du Port de Qu\u00e9bec","og_url":"https:\/\/agora.portquebec.ca\/en\/press-room\/","og_site_name":"Agora du Port de Qu\u00e9bec","article_publisher":"https:\/\/www.facebook.com\/discoglace","article_modified_time":"2025-11-18T19:51:08+00:00","og_image":[{"width":1920,"height":1280,"url":"https:\/\/agora.portquebec.ca\/wp-content\/uploads\/2025\/11\/A15A6696-1-scaled-1.jpg","type":"image\/jpeg"}],"twitter_card":"summary_large_image","schema":{"@context":"https:\/\/schema.org","@graph":[{"@type":"WebPage","@id":"https:\/\/agora.portquebec.ca\/en\/press-room\/","url":"https:\/\/agora.portquebec.ca\/en\/press-room\/","name":"Press room - Agora du Port de Qu\u00e9bec","isPartOf":{"@id":"https:\/\/agora.portquebec.ca\/en\/#website"},"datePublished":"2025-09-24T14:50:02+00:00","dateModified":"2025-11-18T19:51:08+00:00","breadcrumb":{"@id":"https:\/\/agora.portquebec.ca\/en\/press-room\/#breadcrumb"},"inLanguage":"en-US","potentialAction":[{"@type":"ReadAction","target":["https:\/\/agora.portquebec.ca\/en\/press-room\/"]}]},{"@type":"BreadcrumbList","@id":"https:\/\/agora.portquebec.ca\/en\/press-room\/#breadcrumb","itemListElement":[{"@type":"ListItem","position":1,"name":"Home","item":"https:\/\/agora.portquebec.ca\/en\/"},{"@type":"ListItem","position":2,"name":"Press room"}]},{"@type":"WebSite","@id":"https:\/\/agora.portquebec.ca\/en\/#website","url":"https:\/\/agora.portquebec.ca\/en\/","name":"Agora du Port de Qu\u00e9bec","description":"","publisher":{"@id":"https:\/\/agora.portquebec.ca\/en\/#organization"},"potentialAction":[{"@type":"SearchAction","target":{"@type":"EntryPoint","urlTemplate":"https:\/\/agora.portquebec.ca\/en\/?s={search_term_string}"},"query-input":{"@type":"PropertyValueSpecification","valueRequired":true,"valueName":"search_term_string"}}],"inLanguage":"en-US"},{"@type":"Organization","@id":"https:\/\/agora.portquebec.ca\/en\/#organization","name":"Agora du Port de Qu\u00e9bec","url":"https:\/\/agora.portquebec.ca\/en\/","logo":{"@type":"ImageObject","inLanguage":"en-US","@id":"https:\/\/agora.portquebec.ca\/en\/#\/schema\/logo\/image\/","url":"","contentUrl":"","caption":"Agora du Port de Qu\u00e9bec"},"image":{"@id":"https:\/\/agora.portquebec.ca\/en\/#\/schema\/logo\/image\/"},"sameAs":["https:\/\/www.facebook.com\/discoglace"]}]}},"_links":{"self":[{"href":"https:\/\/agora.portquebec.ca\/en\/wp-json\/wp\/v2\/pages\/189","targetHints":{"allow":["GET"]}}],"collection":[{"href":"https:\/\/agora.portquebec.ca\/en\/wp-json\/wp\/v2\/pages"}],"about":[{"href":"https:\/\/agora.portquebec.ca\/en\/wp-json\/wp\/v2\/types\/page"}],"author":[{"embeddable":true,"href":"https:\/\/agora.portquebec.ca\/en\/wp-json\/wp\/v2\/users\/1"}],"replies":[{"embeddable":true,"href":"https:\/\/agora.portquebec.ca\/en\/wp-json\/wp\/v2\/comments?post=189"}],"version-history":[{"count":11,"href":"https:\/\/agora.portquebec.ca\/en\/wp-json\/wp\/v2\/pages\/189\/revisions"}],"predecessor-version":[{"id":1472,"href":"https:\/\/agora.portquebec.ca\/en\/wp-json\/wp\/v2\/pages\/189\/revisions\/1472"}],"wp:attachment":[{"href":"https:\/\/agora.portquebec.ca\/en\/wp-json\/wp\/v2\/media?parent=189"}],"curies":[{"name":"wp","href":"https:\/\/api.w.org\/{rel}","templated":true}]}}